{"id":707,"date":"2025-01-19T18:51:49","date_gmt":"2025-01-19T21:51:49","guid":{"rendered":"http:\/\/ywetranslate.com\/?page_id=707"},"modified":"2026-03-31T14:24:53","modified_gmt":"2026-03-31T13:24:53","slug":"empresa","status":"publish","type":"page","link":"https:\/\/ywetranslate.com\/?page_id=707","title":{"rendered":"empresa"},"content":{"rendered":"\n<div class=\"wp-block-group\"><div class=\"wp-block-group__inner-container is-layout-constrained wp-block-group-is-layout-constrained\">\n<div class=\"wp-block-uagb-container o-sticky o-sticky-pos-top o-sticky-bhvr-keep o-sticky-scope-main-area uagb-block-8hmoyfpp alignfull uagb-is-root-container\"><div class=\"uagb-container-inner-blocks-wrap\">\n<div class=\"wp-block-uagb-info-box uagb-block-af0e2167 uagb-infobox__content-wrap  uagb-infobox-icon-above-title uagb-infobox-image-valign-top wp-block-uagb-info-box--has-margin\"><div class=\"uagb-infobox-margin-wrapper\"><div class=\"uagb-ifb-content\"><div class=\"uagb-ifb-title-wrap\"><h2 class=\"uagb-ifb-title\">Quem somos?<\/h2><\/div><\/div><\/div><\/div>\n\n\n\n<div class=\"wp-block-uagb-info-box uagb-block-f47a5826 uagb-infobox__content-wrap  uagb-infobox-icon-above-title uagb-infobox-image-valign-top\"><div class=\"uagb-ifb-content\"><div class=\"uagb-ifb-title-wrap\"><h3 class=\"uagb-ifb-title\"><strong>WE-TRANSLATE &#8211; SERVI\u00c7OS DE TRADU\u00c7\u00d5ES [SU], LDA\u00ae<\/strong><\/h3><\/div><p class=\"uagb-ifb-desc\">Entidade empresarial legalmente registada<br>desde 2018<br>Sede fiscal<br><strong>Luanda \u2013 Angola<\/strong><\/p><\/div><\/div>\n\n\n\n<div class=\"wp-block-columns is-layout-flex wp-container-core-columns-is-layout-9d6595d7 wp-block-columns-is-layout-flex\">\n<div class=\"wp-block-column is-layout-flow wp-block-column-is-layout-flow\" style=\"flex-basis:100%\">\n<div class=\"wp-block-uagb-container uagb-block-u5jnxmq3\">\n<div class=\"wp-block-uagb-container uagb-block-aab517c8\">\n<div class=\"wp-block-uagb-container uagb-block-0922064b\">\n<div class=\"wp-block-uagb-advanced-heading uagb-block-e55487e0\"><h3 class=\"uagb-heading-text\">Miss\u00e3o<\/h3><\/div>\n<\/div>\n\n\n\n<div class=\"wp-block-uagb-container uagb-block-eeb29372\">\n<ul class=\"wp-block-list has-small-font-size\">\n<li class=\"has-neve-text-color-color has-text-color has-link-color wp-elements-3c557eba067ded80f0aa59d543fb6cc8\" style=\"font-size:18px;letter-spacing:%\">Tradu\u00e7\u00f5es simples<\/li>\n\n\n\n<li class=\"has-neve-text-color-color has-text-color has-link-color wp-elements-929cb39d29afc87ba7fb5864f39208a2\" style=\"font-size:18px;letter-spacing:%\">Tradu\u00e7\u00f5es certificadas<\/li>\n\n\n\n<li class=\"has-neve-text-color-color has-text-color has-link-color wp-elements-99600c0506e4a86de12dc17bba05dd45\" style=\"font-size:18px;letter-spacing:%\">Tradu\u00e7\u00f5es t\u00e9cnicas<\/li>\n\n\n\n<li class=\"has-neve-text-color-color has-text-color has-link-color wp-elements-03caa386e93ea25a90d59c1139a10d83\" style=\"font-size:18px;letter-spacing:%\">Tradu\u00e7\u00e3o de contratos de neg\u00f3cios<\/li>\n\n\n\n<li class=\"has-neve-text-color-color has-text-color has-link-color wp-elements-008c937062bf5b6ead39a03e2de21e8c\" style=\"font-size:18px;letter-spacing:%\">Tradu\u00e7\u00e3o de certificados e diplomas<\/li>\n\n\n\n<li class=\"has-neve-text-color-color has-text-color has-link-color wp-elements-a4c1638c7f53fe4fb613b969d9e94747\" style=\"font-size:18px;letter-spacing:%\">Tradu\u00e7\u00e3o de publicidade<\/li>\n\n\n\n<li class=\"has-neve-text-color-color has-text-color has-link-color wp-elements-6e186ae16b4ea092d6e46e95cb819eb4\" style=\"font-size:18px;letter-spacing:%\">Tradu\u00e7\u00e3o de conte\u00fados de websites<\/li>\n\n\n\n<li class=\"has-neve-text-color-color has-text-color has-link-color wp-elements-19b612c981eebdf285fb83d078f23b60\" style=\"font-size:18px;letter-spacing:%\">Tradu\u00e7\u00f5es urgentes (consulta pr\u00e9via)<\/li>\n\n\n\n<li class=\"has-neve-text-color-color has-text-color has-link-color wp-elements-8ca847e572f939e05d38d92ed9c138d7\" style=\"font-size:18px;letter-spacing:%\">Processamento e formata\u00e7\u00e3o de textos<\/li>\n\n\n\n<li class=\"has-neve-text-color-color has-text-color has-link-color wp-elements-a16653d201cafcc63289fedc927006c7\" style=\"font-size:18px;letter-spacing:%\">Revis\u00e3o ortogr\u00e1fica de documentos sens\u00edveis<\/li>\n\n\n\n<li class=\"has-neve-text-color-color has-text-color has-link-color wp-elements-e8a1fdfe5a359ea2a61d79bb0de4ee43\" style=\"font-size:18px;letter-spacing:%\">Servi\u00e7os de interpreta\u00e7\u00e3o<\/li>\n<\/ul>\n<\/div>\n<\/div>\n\n\n\n<div class=\"wp-block-uagb-container uagb-block-6c2a59ea\">\n<div class=\"wp-block-uagb-container uagb-block-33558287\">\n<div class=\"wp-block-uagb-advanced-heading uagb-block-f93fab39\"><h3 class=\"uagb-heading-text\">Vis\u00e3o<\/h3><\/div>\n<\/div>\n\n\n\n<div class=\"wp-block-uagb-container uagb-block-e1717c44\">\n<p style=\"font-size:18px\">Trabalhar em estreita parceria com institui\u00e7\u00f5es p\u00fablicas, miss\u00f5es diplom\u00e1ticas, entidades empresariais nacionais, entidades empresariais internacionais, e particulares.<\/p>\n<\/div>\n<\/div>\n\n\n\n<div class=\"wp-block-uagb-container uagb-block-vmy8rgpo\">\n<div class=\"wp-block-uagb-container uagb-block-7xy26xji\">\n<div class=\"wp-block-uagb-advanced-heading uagb-block-ii9pzfsy\"><h3 class=\"uagb-heading-text\">Valores<\/h3><\/div>\n<\/div>\n\n\n\n<div class=\"wp-block-uagb-container uagb-block-zfcb1hd4\">\n<div class=\"wp-block-uagb-info-box uagb-block-f6020d6d uagb-infobox__content-wrap  uagb-infobox-icon-above-title uagb-infobox-image-valign-top wp-block-uagb-info-box--has-margin\"><div class=\"uagb-infobox-margin-wrapper\"><div class=\"uagb-ifb-content\"><div class=\"uagb-ifb-title-wrap\"><\/div><p class=\"uagb-ifb-desc\">A We-Translate [SU], LDA\u00ae &#8211; Servi\u00e7os de Tradu\u00e7\u00f5es, pauta-se pelos seguintes valores deontol\u00f3gicos:<strong><em>&nbsp;<\/em><\/strong><\/p><\/div><\/div><\/div>\n\n\n\n<ul class=\"wp-block-list has-small-font-size\">\n<li class=\"has-neve-text-color-color has-text-color has-link-color wp-elements-05d2649a95e7a7b85de42bc2b9dcbf3b\" style=\"font-size:18px;letter-spacing:%\"><strong>Profissionalismo<\/strong><\/li>\n\n\n\n<li class=\"has-neve-text-color-color has-text-color has-link-color wp-elements-bb5d24eb6432d9acd9f8be88066729a5\" style=\"font-size:18px;letter-spacing:%\"><strong>Efici\u00eancia<\/strong><\/li>\n\n\n\n<li class=\"has-neve-text-color-color has-text-color has-link-color wp-elements-9d2a72158bbc8f889a7908358315849c\" style=\"font-size:18px;letter-spacing:%\"><strong><strong><strong>Excel\u00eancia<\/strong><\/strong><\/strong><\/li>\n\n\n\n<li class=\"has-neve-text-color-color has-text-color has-link-color wp-elements-9bf8c8f76da91d710e5abab11f7f04b5\" style=\"font-size:18px;letter-spacing:%\"><strong>Rigor<\/strong><\/li>\n\n\n\n<li class=\"has-neve-text-color-color has-text-color has-link-color wp-elements-59123d7d4d18ad640f20dd5ad766752c\" style=\"font-size:18px;letter-spacing:%\"><strong>\u00c9tica<\/strong><\/li>\n\n\n\n<li class=\"has-neve-text-color-color has-text-color has-link-color wp-elements-09f03455190119862d1e3170aed7aa63\" style=\"font-size:18px;letter-spacing:%\"><strong>Compromisso<\/strong><\/li>\n\n\n\n<li class=\"has-neve-text-color-color has-text-color has-link-color wp-elements-a593e3eebc81d3abd0ebd61de7ab2997\" style=\"font-size:18px;letter-spacing:%\"><strong>Transpar\u00eancia<\/strong><\/li>\n<\/ul>\n<\/div>\n<\/div>\n<\/div>\n<\/div>\n<\/div>\n<\/div><\/div>\n<\/div><\/div>\n","protected":false},"excerpt":{"rendered":"<p>Miss\u00e3o Vis\u00e3o Trabalhar em estreita parceria com institui\u00e7\u00f5es p\u00fablicas, miss\u00f5es diplom\u00e1ticas, entidades empresariais nacionais, entidades empresariais internacionais, e particulares. Valores<\/p>\n","protected":false},"author":2,"featured_media":0,"parent":0,"menu_order":-1,"comment_status":"closed","ping_status":"closed","template":"","meta":{"_uag_custom_page_level_css":"","neve_meta_sidebar":"full-width","neve_meta_container":"full-width","neve_meta_enable_content_width":"on","neve_meta_content_width":85,"neve_meta_title_alignment":"center","neve_meta_author_avatar":"","neve_post_elements_order":"","neve_meta_disable_header":"off","neve_meta_disable_footer":"off","neve_meta_disable_title":"on","_themeisle_gutenberg_block_has_review":false,"footnotes":""},"class_list":["post-707","page","type-page","status-publish","hentry"],"uagb_featured_image_src":{"full":false,"thumbnail":false,"medium":false,"medium_large":false,"large":false,"1536x1536":false,"2048x2048":false,"neve-blog":false},"uagb_author_info":{"display_name":"Carlos Cais","author_link":"https:\/\/ywetranslate.com\/?author=2"},"uagb_comment_info":0,"uagb_excerpt":"Miss\u00e3o Vis\u00e3o Trabalhar em estreita parceria com institui\u00e7\u00f5es p\u00fablicas, miss\u00f5es diplom\u00e1ticas, entidades empresariais nacionais, entidades empresariais internacionais, e particulares. Valores","_links":{"self":[{"href":"https:\/\/ywetranslate.com\/index.php?rest_route=\/wp\/v2\/pages\/707","targetHints":{"allow":["GET"]}}],"collection":[{"href":"https:\/\/ywetranslate.com\/index.php?rest_route=\/wp\/v2\/pages"}],"about":[{"href":"https:\/\/ywetranslate.com\/index.php?rest_route=\/wp\/v2\/types\/page"}],"author":[{"embeddable":true,"href":"https:\/\/ywetranslate.com\/index.php?rest_route=\/wp\/v2\/users\/2"}],"replies":[{"embeddable":true,"href":"https:\/\/ywetranslate.com\/index.php?rest_route=%2Fwp%2Fv2%2Fcomments&post=707"}],"version-history":[{"count":62,"href":"https:\/\/ywetranslate.com\/index.php?rest_route=\/wp\/v2\/pages\/707\/revisions"}],"predecessor-version":[{"id":1323,"href":"https:\/\/ywetranslate.com\/index.php?rest_route=\/wp\/v2\/pages\/707\/revisions\/1323"}],"wp:attachment":[{"href":"https:\/\/ywetranslate.com\/index.php?rest_route=%2Fwp%2Fv2%2Fmedia&parent=707"}],"curies":[{"name":"wp","href":"https:\/\/api.w.org\/{rel}","templated":true}]}}